{"id":47,"date":"2021-11-05T19:27:46","date_gmt":"2021-11-05T19:27:46","guid":{"rendered":"https:\/\/simzas-reisen.de\/?page_id=47"},"modified":"2022-10-01T10:11:10","modified_gmt":"2022-10-01T10:11:10","slug":"route","status":"publish","type":"page","link":"https:\/\/simzas-reisen.de\/?page_id=47","title":{"rendered":"Route"},"content":{"rendered":"<p>Dies ist die Route, die wir w\u00e4hrend unserer gemeinsamen beruflichen Auszeit 2021\/2022 bereist haben. Urspr\u00fcnglich war die Reise komplett anders geplant, allerdings mussten wir bedingt durch die anhaltenden Pandemie sehr flexibel und stets informiert sein, welche L\u00e4nder aktuell ihre Grenzen zur touristischen Einreise ge\u00f6ffnet haben. Letztendlich war es eine wirklich einmalige Erfahrung und sehr tolle Zeit, in der wir insgesamt 16 L\u00e4nder bereisen konnten.<\/p>\n<p><iframe loading=\"lazy\" src=\"https:\/\/www.google.com\/maps\/d\/embed?mid=1pBo3qUtPicJUWWhQugGESpwrZH3QdpH_\" width=\"640\" height=\"480\"><\/iframe><\/p>\n<ol>\n<li><strong>Mauritius<\/strong>\n<ul>\n<li style=\"list-style-type: none;\">\n<ul>\n<li>Balaclava<\/li>\n<li>Flic en Flac<\/li>\n<li>Belle Mare<\/li>\n<\/ul>\n<\/li>\n<\/ul>\n<\/li>\n<li><strong>R\u00e9union<\/strong>\n<ul>\n<li style=\"list-style-type: none;\">\n<ul>\n<li>Hell-Bourg<\/li>\n<li>La Plaine-des-Palmistes<\/li>\n<li>Saint Pierre<\/li>\n<li>Kaz Insolite<\/li>\n<li>Cilaos<\/li>\n<li>Saint-Paul<\/li>\n<\/ul>\n<\/li>\n<\/ul>\n<\/li>\n<li><strong>Frankreich<\/strong>\n<ul>\n<li style=\"list-style-type: none;\">\n<ul>\n<li>Paris<\/li>\n<\/ul>\n<\/li>\n<\/ul>\n<\/li>\n<li><strong>Karibik<\/strong>\n<ul>\n<li style=\"list-style-type: none;\">\n<ul>\n<li>Aruba<\/li>\n<li>Curacao<\/li>\n<li>Bonaire<\/li>\n<li>Grenada<\/li>\n<li>Barbados<\/li>\n<li>St. Vincent<\/li>\n<li>St. Lucia<\/li>\n<li>Dominica<\/li>\n<li>Antiqua<\/li>\n<li>Saint-Martin<\/li>\n<li>Dominikanische Republik<\/li>\n<\/ul>\n<\/li>\n<\/ul>\n<\/li>\n<li><strong>Costa Rica<\/strong>\n<ul>\n<li style=\"list-style-type: none;\">\n<ul>\n<li>Boca Tapada<\/li>\n<li>La Fortuna<\/li>\n<li>Monteverde<\/li>\n<li>S\u00e1mara<\/li>\n<li>Montezuma<\/li>\n<li>Jaco<\/li>\n<li>Manuel Antonio<\/li>\n<li>Uvita<\/li>\n<\/ul>\n<\/li>\n<\/ul>\n<\/li>\n<li><strong>Vereinigte Arabische Emirate<\/strong>\n<ul>\n<li style=\"list-style-type: none;\">\n<ul>\n<li>Dubai<\/li>\n<\/ul>\n<\/li>\n<\/ul>\n<\/li>\n<li><strong>Vietnam<\/strong>\n<ol>\n<li style=\"list-style-type: none;\">\n<ul>\n<li>\u00a0Hanoi<\/li>\n<li>Ha Long<\/li>\n<li>Ninh B\u00ecnh<\/li>\n<li>Hue<\/li>\n<li>Hoi An<\/li>\n<li>\u0110\u00e0 L\u1ea1t<\/li>\n<li>C\u00e1t Ti\u00ean<\/li>\n<li>Ho-Chi-Minh<\/li>\n<li>Mekong Detla<\/li>\n<li>Ph\u00fa Qu\u1ed1c<\/li>\n<\/ul>\n<\/li>\n<\/ol>\n<\/li>\n<\/ol>\n<p>&nbsp;<\/p>\n<p><a href=\"https:\/\/simzas-reisen.de\/wp-content\/uploads\/2022\/10\/Flaggen_Weltreise.png\" data-rel=\"lightbox-gallery-mToGni4T\" data-rl_title=\"\" data-rl_caption=\"\" title=\"\"><img loading=\"lazy\" decoding=\"async\" class=\"alignnone size-full wp-image-2179\" src=\"https:\/\/simzas-reisen.de\/wp-content\/uploads\/2022\/10\/Flaggen_Weltreise.png\" alt=\"\" width=\"1971\" height=\"1315\" srcset=\"https:\/\/simzas-reisen.de\/wp-content\/uploads\/2022\/10\/Flaggen_Weltreise.png 1971w, https:\/\/simzas-reisen.de\/wp-content\/uploads\/2022\/10\/Flaggen_Weltreise-300x200.png 300w, https:\/\/simzas-reisen.de\/wp-content\/uploads\/2022\/10\/Flaggen_Weltreise-1024x683.png 1024w, https:\/\/simzas-reisen.de\/wp-content\/uploads\/2022\/10\/Flaggen_Weltreise-768x512.png 768w, https:\/\/simzas-reisen.de\/wp-content\/uploads\/2022\/10\/Flaggen_Weltreise-1536x1025.png 1536w, https:\/\/simzas-reisen.de\/wp-content\/uploads\/2022\/10\/Flaggen_Weltreise-120x80.png 120w\" sizes=\"auto, (max-width: 1971px) 100vw, 1971px\" \/><\/a><\/p>\n<p>&nbsp;<\/p>\n<p>&nbsp;<\/p>\n","protected":false},"excerpt":{"rendered":"<p>Dies ist die Route, die wir w\u00e4hrend unserer gemeinsamen beruflichen Auszeit 2021\/2022 bereist haben. Urspr\u00fcnglich war die Reise komplett anders<\/p>\n","protected":false},"author":1,"featured_media":0,"parent":0,"menu_order":0,"comment_status":"closed","ping_status":"closed","template":"","meta":{"footnotes":""},"class_list":["post-47","page","type-page","status-publish","hentry"],"jetpack_sharing_enabled":true,"_links":{"self":[{"href":"https:\/\/simzas-reisen.de\/index.php?rest_route=\/wp\/v2\/pages\/47","targetHints":{"allow":["GET"]}}],"collection":[{"href":"https:\/\/simzas-reisen.de\/index.php?rest_route=\/wp\/v2\/pages"}],"about":[{"href":"https:\/\/simzas-reisen.de\/index.php?rest_route=\/wp\/v2\/types\/page"}],"author":[{"embeddable":true,"href":"https:\/\/simzas-reisen.de\/index.php?rest_route=\/wp\/v2\/users\/1"}],"replies":[{"embeddable":true,"href":"https:\/\/simzas-reisen.de\/index.php?rest_route=%2Fwp%2Fv2%2Fcomments&post=47"}],"version-history":[{"count":12,"href":"https:\/\/simzas-reisen.de\/index.php?rest_route=\/wp\/v2\/pages\/47\/revisions"}],"predecessor-version":[{"id":2181,"href":"https:\/\/simzas-reisen.de\/index.php?rest_route=\/wp\/v2\/pages\/47\/revisions\/2181"}],"wp:attachment":[{"href":"https:\/\/simzas-reisen.de\/index.php?rest_route=%2Fwp%2Fv2%2Fmedia&parent=47"}],"curies":[{"name":"wp","href":"https:\/\/api.w.org\/{rel}","templated":true}]}}